{"id":2882,"date":"2025-02-26T09:35:31","date_gmt":"2025-02-26T09:35:31","guid":{"rendered":"https:\/\/rufus-steinkrauss.com\/paatryk\/"},"modified":"2025-04-22T08:22:27","modified_gmt":"2025-04-22T08:22:27","slug":"paatryk","status":"publish","type":"page","link":"https:\/\/rufus-steinkrauss.com\/da\/paatryk\/","title":{"rendered":"P\u00e5tryk"},"content":{"rendered":"\t\t<div data-elementor-type=\"wp-page\" data-elementor-id=\"2882\" class=\"elementor elementor-2882 elementor-1209\" data-elementor-post-type=\"page\">\n\t\t\t\t<div class=\"elementor-element elementor-element-8221223 e-flex e-con-boxed e-con e-parent\" data-id=\"8221223\" data-element_type=\"container\" data-settings=\"{&quot;background_background&quot;:&quot;classic&quot;}\">\n\t\t\t\t\t<div class=\"e-con-inner\">\n\t\t\t\t<div class=\"elementor-element elementor-element-5745f4d elementor-widget elementor-widget-heading\" data-id=\"5745f4d\" data-element_type=\"widget\" data-widget_type=\"heading.default\">\n\t\t\t\t<div class=\"elementor-widget-container\">\n\t\t\t\t\t<h1 class=\"elementor-heading-title elementor-size-default\">P\u00e5tryk<\/h1>\t\t\t\t<\/div>\n\t\t\t\t<\/div>\n\t\t\t\t\t<\/div>\n\t\t\t\t<\/div>\n\t\t<div class=\"elementor-element elementor-element-41d8132 e-flex e-con-boxed e-con e-parent\" data-id=\"41d8132\" data-element_type=\"container\">\n\t\t\t\t\t<div class=\"e-con-inner\">\n\t\t\t\t<div class=\"elementor-element elementor-element-acad434 elementor-widget elementor-widget-text-editor\" data-id=\"acad434\" data-element_type=\"widget\" data-widget_type=\"text-editor.default\">\n\t\t\t\t<div class=\"elementor-widget-container\">\n\t\t\t\t\t\t\t\t\t<h3>Rufus Steinkrauss Personal GmbH<\/h3>\n<p>Administrerende direkt\u00f8r: Rufus Steinkrauss<br \/>Registreret i handelsregistret<br \/>Registerdomstol Hamburg Amtsgericht<br \/>Registernummer HRB 149303<br \/>V\u00e6rneting Hamburg<\/p>\n<p>Momsidentifikationsnummer i henhold til \u00a727 a i momsloven:<br \/>DE 315628824<\/p>\n<h3>Adresse:<\/h3>\n<p>Nienstedtener Strasse 2<br \/>D-22609 Hamburg<\/p>\n<h3>Kontakt:<\/h3>\n<p>Telefon: +49 40 89805765<br \/>E-mail: service@rufus-steinkrauss.de<\/p>\n<h3>Detaljer om professionel ansvarsforsikring:<\/h3>\n<p>Virksomhedens navn og hjemsted:<br \/>Allianz Versicherungs-Aktiengesellschaft<br \/>Adresse: K\u00f6niginstr. 28, 80802 M\u00fcnchen<br \/>Virksomhedens hjemsted: M\u00fcnchen<br \/>Registerdomstol: Amtsgericht M\u00fcnchen HRB 75727<br \/>Forsikringens gyldighedsomr\u00e5de: Tyskland <\/p>\n<h3>Ansvarlig for indholdet i henhold til \u00a7 55 Abs. 2 RStV: <\/h3>\n<p>Rufus Steinkrauss<br \/>Nienstedtener Strasse 2<br \/>22609 Hamburg<\/p>\n<h3>Kilder til de anvendte billeder og grafik:<\/h3>\n<p>Fotolia https:\/\/de.fotolia.com<br \/>Adobe https:\/\/stock.adobe.com<\/p>\n<h3>Udelukkelse af ansvar (ansvarsfraskrivelse)<\/h3>\n<p>Som tjenesteudbyder er vi ansvarlige for vores eget indhold p\u00e5 disse sider i henhold til \u00a7 7 (1) TMG (tysk telemedielov) og generel lovgivning. I henhold til \u00a7\u00a7 8 til 10 TMG er vi som tjenesteudbyder dog ikke forpligtet til at overv\u00e5ge transmitterede eller lagrede tredjepartsoplysninger eller til at unders\u00f8ge omst\u00e6ndigheder, der tyder p\u00e5 ulovlig aktivitet. Forpligtelser til at fjerne eller blokere brugen af oplysninger i overensstemmelse med den generelle lovgivning forbliver up\u00e5virket af dette. Ansvar i denne henseende er dog kun muligt fra tidspunktet for kendskab til en specifik overtr\u00e6delse. S\u00e5 snart vi bliver opm\u00e6rksomme p\u00e5 s\u00e5danne overtr\u00e6delser, vil vi straks fjerne dette indhold.     <\/p>\n<h3>Ansvar for links<\/h3>\n<p>Vores hjemmeside indeholder links til eksterne tredjepartswebsteder, hvis indhold vi ikke har nogen indflydelse p\u00e5. Derfor kan vi ikke p\u00e5tage os noget ansvar for dette tredjepartsindhold. Den respektive udbyder eller operat\u00f8r af siderne er altid ansvarlig for indholdet af de linkede sider. De linkede sider blev kontrolleret for mulige lovovertr\u00e6delser p\u00e5 tidspunktet for linkningen. Ulovligt indhold kunne ikke genkendes p\u00e5 tidspunktet for sammenk\u00e6dningen. En permanent overv\u00e5gning af indholdet p\u00e5 de linkede sider er dog ikke rimelig uden konkrete beviser for en overtr\u00e6delse. Hvis vi bliver opm\u00e6rksomme p\u00e5 eventuelle lovovertr\u00e6delser, fjerner vi straks s\u00e5danne links.      <\/p>\n<h3>Ophavsret<\/h3>\n<p>Vores hjemmeside indeholder links til eksterne tredjepartswebsteder, hvis indhold vi ikke har nogen indflydelse p\u00e5. Derfor kan vi ikke p\u00e5tage os noget ansvar for dette tredjepartsindhold. Den respektive udbyder eller operat\u00f8r af siderne er altid ansvarlig for indholdet af de linkede sider. De linkede sider blev kontrolleret for mulige lovovertr\u00e6delser p\u00e5 tidspunktet for linkningen. Ulovligt indhold kunne ikke genkendes p\u00e5 tidspunktet for sammenk\u00e6dningen. En permanent overv\u00e5gning af indholdet p\u00e5 de linkede sider er dog ikke rimelig uden konkrete beviser for en overtr\u00e6delse. Hvis vi bliver opm\u00e6rksomme p\u00e5 eventuelle lovovertr\u00e6delser, fjerner vi straks s\u00e5danne links.      <\/p>\n<h3>Fortrolighedspolitik<\/h3>\n<p>Brugen af vores hjemmeside er generelt mulig uden at give personlige data. I det omfang der indsamles personoplysninger (f.eks. navn, adresse eller e-mail-adresser) p\u00e5 vores hjemmeside, sker dette s\u00e5 vidt muligt altid p\u00e5 frivillig basis. Disse data videregives ikke til tredjepart uden dit udtrykkelige samtykke.<br \/>Vi g\u00f8r opm\u00e6rksom p\u00e5, at dataoverf\u00f8rsler via internettet (f.eks. ved kommunikation via e-mail) kan v\u00e6re beh\u00e6ftet med sikkerhedsbrister. En fuldst\u00e6ndig beskyttelse af data mod adgang fra tredjeparter er ikke mulig.<br \/>Vi forbyder hermed udtrykkeligt brugen af kontaktdata, der er offentliggjort som en del af vores pligt til at give en juridisk meddelelse, med det form\u00e5l at sende uopfordret reklame og informationsmateriale. Operat\u00f8rerne af dette websted forbeholder sig udtrykkeligt retten til at tage retslige skridt i tilf\u00e6lde af uopfordret afsendelse af reklameinformation, s\u00e5som spam-e-mails.    <\/p>\n<h3>Fortrolighedspolitik p\u00e5 grund af brugen af en LinkedIn-delingsknap<\/h3>\n<p>Du finder plugins fra det sociale netv\u00e6rk LinkedIn eller LinkedIn Corporation, 2029 Stierlin Court, Mountain View, CA 94043, USA (i det f\u00f8lgende ben\u00e6vnt &#8220;LinkedIn&#8221;) p\u00e5 vores hjemmeside. Du kan genkende LinkedIn-plugins p\u00e5 det tilsvarende logo eller knappen &#8220;Anbefal&#8221;. V\u00e6r opm\u00e6rksom p\u00e5, at pluginet etablerer en forbindelse mellem din internetbrowser og LinkedIn-serveren, n\u00e5r du bes\u00f8ger vores hjemmeside. LinkedIn f\u00e5r dermed besked om, at vores hjemmeside er blevet bes\u00f8gt med din IP-adresse. Hvis du klikker p\u00e5 LinkedIns &#8220;Anbefal-knap&#8221; og samtidig er logget ind p\u00e5 din LinkedIn-konto, har du mulighed for at linke indhold fra vores hjemmeside til din LinkedIn-profilside. Dermed g\u00f8r du det muligt for LinkedIn at knytte dit bes\u00f8g p\u00e5 vores hjemmeside til dig eller din brugerkonto. Du skal v\u00e6re opm\u00e6rksom p\u00e5, at vi ikke f\u00e5r nogen viden om indholdet af de overf\u00f8rte data og deres brug af LinkedIn.<br \/>For flere detaljer om indsamling af data og dine juridiske muligheder og indstillingsmuligheder, bedes du kontakte LinkedIn. Disse stilles til r\u00e5dighed for dig p\u00e5 http:\/\/www.linkedin.com\/static?key=privacy_policy&amp;trk=hb_ft_priv.       <\/p>\n<h3>Fortrolighedspolitik for brug af Facebook-plugins (Like-knap)<\/h3>\n<p>Plugins fra det sociale netv\u00e6rk Facebook (Facebook Inc., 1601 Willow Road, Menlo Park, California, 94025, USA) er integreret p\u00e5 vores sider. Du kan genkende Facebook-plugins p\u00e5 Facebook-logoet eller &#8220;Synes godt om&#8221;-knappen p\u00e5 vores hjemmeside.<br \/>N\u00e5r du bes\u00f8ger vores hjemmeside, oprettes der en direkte forbindelse mellem din browser og Facebook-serveren via plugin&#8217;et. Facebook modtager oplysninger om, at du har bes\u00f8gt vores websted med din IP-adresse. Hvis du klikker p\u00e5 Facebooks &#8220;Synes godt om&#8221;-knap, mens du er logget ind p\u00e5 din Facebook-konto, kan du linke indholdet p\u00e5 vores sider til din Facebook-profil. Dette giver Facebook mulighed for at knytte dit bes\u00f8g p\u00e5 vores sider til din brugerkonto. Vi vil gerne p\u00e5pege, at vi som udbyder af siderne ikke har kendskab til indholdet af de overf\u00f8rte data eller deres anvendelse af Facebook. Yderligere oplysninger om dette kan findes i Facebooks privatlivspolitik p\u00e5 http:\/\/de-de.facebook.com\/policy.php<br \/>Hvis du ikke \u00f8nsker, at Facebook skal kunne forbinde dit bes\u00f8g p\u00e5 vores sider med din Facebook-brugerkonto, bedes du logge ud af din Facebook-brugerkonto.      <\/p>\n<h3>Fortrolighedspolitik for brug af Google Analytics<\/h3>\n<p>Dette websted bruger Google Analytics, en webanalysetjeneste leveret af Google Inc (&#8220;Google&#8221;). Google Analytics bruger &#8220;cookies&#8221;, som er tekstfiler, der placeres p\u00e5 din computer, til at hj\u00e6lpe webstedet med at analysere, hvordan brugerne anvender webstedet. De oplysninger, der genereres af cookien om din brug af dette websted, overf\u00f8res normalt til en Google-server i USA og gemmes der. Hvis IP-anonymisering er aktiveret p\u00e5 dette websted, vil din IP-adresse dog f\u00f8rst blive afkortet af Google inden for medlemslandene i Den Europ\u00e6iske Union eller i andre stater, der har underskrevet aftalen om Det Europ\u00e6iske \u00d8konomiske Samarbejdsomr\u00e5de.<br \/>Kun i undtagelsestilf\u00e6lde vil den fulde IP-adresse blive overf\u00f8rt til en Google-server i USA og afkortet der. P\u00e5 vegne af operat\u00f8ren af dette websted vil Google bruge disse oplysninger til at analysere din brug af webstedet, til at udarbejde rapporter om webstedsaktivitet og til at levere andre tjenester i forbindelse med webstedsaktivitet og internetbrug til webstedsoperat\u00f8ren. Den IP-adresse, der overf\u00f8res af din browser som en del af Google Analytics, vil ikke blive fusioneret med andre Google-data.<br \/>Du kan forhindre lagring af cookies ved at indstille din browsersoftware i overensstemmelse hermed; vi vil dog gerne p\u00e5pege, at du i dette tilf\u00e6lde muligvis ikke kan bruge alle funktioner p\u00e5 dette websted i deres fulde omfang. Du kan ogs\u00e5 forhindre Google i at indsamle de data, der genereres af cookien, og som vedr\u00f8rer din brug af webstedet (herunder din IP-adresse), og i at behandle disse data af Google ved at downloade og installere det browser-plug-in, der er tilg\u00e6ngeligt p\u00e5 f\u00f8lgende link:<br \/>http:\/\/tools.google.com\/dlpage\/gaoptout?hl=de       <\/p>\n<h3>Fortrolighedspolitik for brug af Twitter<\/h3>\n<p>Funktioner fra Twitter-tjenesten er integreret p\u00e5 vores sider. Disse funktioner tilbydes af Twitter Inc, Twitter, Inc. 1355 Market St, Suite 900, San Francisco, CA 94103, USA. Ved at bruge Twitter og funktionen &#8220;Re-Tweet&#8221; bliver de websteder, du bes\u00f8ger, knyttet til din Twitter-konto og gjort kendt for andre brugere. I den forbindelse overf\u00f8res der ogs\u00e5 data til Twitter.<br \/>Vi g\u00f8r opm\u00e6rksom p\u00e5, at vi som udbyder af siderne ikke har kendskab til indholdet af de overf\u00f8rte data eller deres anvendelse af Twitter. Yderligere oplysninger om dette kan findes i Twitters privatlivspolitik p\u00e5 http:\/\/twitter.com\/privacy<br \/>Du kan \u00e6ndre dine databeskyttelsesindstillinger p\u00e5 Twitter i kontoindstillingerne p\u00e5 http:\/\/twitter.com\/account\/settings. <\/p>\n<h3>Information, sletning, blokering<\/h3>\n<p>Du har ret til gratis information om dine gemte personoplysninger, deres oprindelse og modtager og form\u00e5let med databehandlingen samt en ret til korrektion, blokering eller sletning af disse data til enhver tid. Du kan til enhver tid kontakte os p\u00e5 webstedsoperat\u00f8rens adresse, der er angivet i den juridiske meddelelse, hvis du har yderligere sp\u00f8rgsm\u00e5l om emnet personoplysninger. <\/p>\n\t\t\t\t\t\t\t\t<\/div>\n\t\t\t\t<\/div>\n\t\t\t\t\t<\/div>\n\t\t\t\t<\/div>\n\t\t\t\t<\/div>\n\t\t","protected":false},"excerpt":{"rendered":"<p>Rufus Steinkrauss Personal GmbH Administrerende direkt\u00f8r: Rufus Steinkrauss Registreret i handelsregistret Registerdomstol Hamburg Amtsgericht Registernummer HRB 149303 V\u00e6rneting Hamburg Momsidentifikationsnummer i henhold til \u00a727 a i momsloven: DE 315628824 Adresse: Nienstedtener Strasse 2 D-22609 Hamburg Kontakt: Telefon: +49 40 89805765 E-mail: service@rufus-steinkrauss.de Detaljer om professionel ansvarsforsikring: Virksomhedens navn og hjemsted: Allianz Versicherungs-Aktiengesellschaft Adresse: K\u00f6niginstr. 28, [&hellip;]<\/p>\n","protected":false},"author":1,"featured_media":0,"parent":0,"menu_order":0,"comment_status":"closed","ping_status":"closed","template":"elementor_header_footer","meta":{"_acf_changed":false,"inline_featured_image":false,"iawp_total_views":5,"footnotes":""},"class_list":["post-2882","page","type-page","status-publish","hentry"],"acf":[],"_links":{"self":[{"href":"https:\/\/rufus-steinkrauss.com\/da\/wp-json\/wp\/v2\/pages\/2882","targetHints":{"allow":["GET"]}}],"collection":[{"href":"https:\/\/rufus-steinkrauss.com\/da\/wp-json\/wp\/v2\/pages"}],"about":[{"href":"https:\/\/rufus-steinkrauss.com\/da\/wp-json\/wp\/v2\/types\/page"}],"author":[{"embeddable":true,"href":"https:\/\/rufus-steinkrauss.com\/da\/wp-json\/wp\/v2\/users\/1"}],"replies":[{"embeddable":true,"href":"https:\/\/rufus-steinkrauss.com\/da\/wp-json\/wp\/v2\/comments?post=2882"}],"version-history":[{"count":0,"href":"https:\/\/rufus-steinkrauss.com\/da\/wp-json\/wp\/v2\/pages\/2882\/revisions"}],"wp:attachment":[{"href":"https:\/\/rufus-steinkrauss.com\/da\/wp-json\/wp\/v2\/media?parent=2882"}],"curies":[{"name":"wp","href":"https:\/\/api.w.org\/{rel}","templated":true}]}}