{"id":2866,"date":"2025-03-03T15:31:08","date_gmt":"2025-03-03T14:31:08","guid":{"rendered":"https:\/\/rufus-steinkrauss.com\/jobscout\/"},"modified":"2025-07-03T00:21:57","modified_gmt":"2025-07-02T22:21:57","slug":"jobscout","status":"publish","type":"page","link":"https:\/\/rufus-steinkrauss.com\/da\/jobscout\/","title":{"rendered":"Jobscout"},"content":{"rendered":"\t\t<div data-elementor-type=\"wp-page\" data-elementor-id=\"2866\" class=\"elementor elementor-2866 elementor-1757\" data-elementor-post-type=\"page\">\n\t\t\t\t<div class=\"elementor-element elementor-element-07f9333 e-flex e-con-boxed e-con e-parent\" data-id=\"07f9333\" data-element_type=\"container\" data-settings=\"{&quot;background_background&quot;:&quot;classic&quot;}\">\n\t\t\t\t\t<div class=\"e-con-inner\">\n\t\t\t\t<div class=\"elementor-element elementor-element-2c0cf44 elementor-widget elementor-widget-heading\" data-id=\"2c0cf44\" data-element_type=\"widget\" data-widget_type=\"heading.default\">\n\t\t\t\t<div class=\"elementor-widget-container\">\n\t\t\t\t\t<h1 class=\"elementor-heading-title elementor-size-default\">Inverse headhunting -<br>Din karriereaccelerator<\/h1>\t\t\t\t<\/div>\n\t\t\t\t<\/div>\n\t\t\t\t<div class=\"elementor-element elementor-element-be12431 elementor-widget elementor-widget-text-editor\" data-id=\"be12431\" data-element_type=\"widget\" data-widget_type=\"text-editor.default\">\n\t\t\t\t<div class=\"elementor-widget-container\">\n\t\t\t\t\t\t\t\t\t<p>Jeg har med succes placeret virksomheder og medarbejdere i 25 \u00e5r &#8211; og har udviklet en skarp<br \/>sans for personligheder og potentiale i processen. Jeg forst\u00e5r markedsmekanismerne pr\u00e6cist<br \/>og ved, hvordan man bruger dem til din fordel. <\/p>\n\t\t\t\t\t\t\t\t<\/div>\n\t\t\t\t<\/div>\n\t\t\t\t\t<\/div>\n\t\t\t\t<\/div>\n\t\t<div class=\"elementor-element elementor-element-95d64f4 e-flex e-con-boxed e-con e-parent\" data-id=\"95d64f4\" data-element_type=\"container\" data-settings=\"{&quot;background_background&quot;:&quot;classic&quot;}\">\n\t\t\t\t\t<div class=\"e-con-inner\">\n\t\t<div class=\"elementor-element elementor-element-0ef501d e-con-full e-flex e-con e-child\" data-id=\"0ef501d\" data-element_type=\"container\">\n\t\t<div class=\"elementor-element elementor-element-db69ff0 e-con-full e-flex elementor-invisible e-con e-child\" data-id=\"db69ff0\" data-element_type=\"container\" data-settings=\"{&quot;animation&quot;:&quot;fadeIn&quot;,&quot;animation_delay&quot;:500,&quot;background_background&quot;:&quot;classic&quot;}\">\n\t\t\t\t<div class=\"elementor-element elementor-element-f18eb87 elementor-widget elementor-widget-heading\" data-id=\"f18eb87\" data-element_type=\"widget\" data-widget_type=\"heading.default\">\n\t\t\t\t<div class=\"elementor-widget-container\">\n\t\t\t\t\t<h2 class=\"elementor-heading-title elementor-size-default\">Du bestemmer destinationen, Jeg \u00e5bner d\u00f8rene.<\/h2>\t\t\t\t<\/div>\n\t\t\t\t<\/div>\n\t\t\t\t<div class=\"elementor-element elementor-element-92eacbe elementor-widget elementor-widget-text-editor\" data-id=\"92eacbe\" data-element_type=\"widget\" data-widget_type=\"text-editor.default\">\n\t\t\t\t<div class=\"elementor-widget-container\">\n\t\t\t\t\t\t\t\t\t<p>Uanset om du planl\u00e6gger dit n\u00e6ste karrieretr\u00e6k, er p\u00e5 udkig efter en professionel nyorientering eller \u00f8nsker at g\u00e5 m\u00e5lrettet efter dit dr\u00f8mmejob &#8211; jeg vil st\u00f8tte dig i at g\u00f8re det uopn\u00e5elige h\u00e5ndgribeligt.<\/p>\n<p>Jeg hj\u00e6lper dig med at g\u00f8re din profil synlig lige pr\u00e6cis der, hvor den har st\u00f8rst gennemslagskraft &#8211; i mit eksklusive netv\u00e6rk af virksomheder og beslutningstagere, som jeg l\u00f8bende har opbygget siden 1999.<\/p>\n\t\t\t\t\t\t\t\t<\/div>\n\t\t\t\t<\/div>\n\t\t\t\t<\/div>\n\t\t\t\t<\/div>\n\t\t\t\t\t<\/div>\n\t\t\t\t<\/div>\n\t\t<div class=\"elementor-element elementor-element-33b50d3 e-flex e-con-boxed e-con e-parent\" data-id=\"33b50d3\" data-element_type=\"container\" data-settings=\"{&quot;background_background&quot;:&quot;classic&quot;}\">\n\t\t\t\t\t<div class=\"e-con-inner\">\n\t\t<div class=\"elementor-element elementor-element-7d080f1 e-con-full e-flex e-con e-child\" data-id=\"7d080f1\" data-element_type=\"container\">\n\t\t<div class=\"elementor-element elementor-element-ee328aa e-con-full e-flex e-con e-child\" data-id=\"ee328aa\" data-element_type=\"container\">\n\t\t\t\t<div class=\"elementor-element elementor-element-6dfe652 elementor-widget elementor-widget-heading\" data-id=\"6dfe652\" data-element_type=\"widget\" data-widget_type=\"heading.default\">\n\t\t\t\t<div class=\"elementor-widget-container\">\n\t\t\t\t\t<h4 class=\"elementor-heading-title elementor-size-default\">Min tilgang:<\/h4>\t\t\t\t<\/div>\n\t\t\t\t<\/div>\n\t\t\t\t<div class=\"elementor-element elementor-element-7f306ef elementor-position-left elementor-vertical-align-top elementor-widget elementor-widget-image-box\" data-id=\"7f306ef\" data-element_type=\"widget\" data-widget_type=\"image-box.default\">\n\t\t\t\t<div class=\"elementor-widget-container\">\n\t\t\t\t\t<div class=\"elementor-image-box-wrapper\"><figure class=\"elementor-image-box-img\"><img decoding=\"async\" src=\"https:\/\/rufus-steinkrauss.com\/wp-content\/uploads\/2025\/06\/website-feedbacl-21.svg\" title=\"website feedbacl-21\" alt=\"website feedbacl-21\" loading=\"lazy\" \/><\/figure><div class=\"elementor-image-box-content\"><h4 class=\"elementor-image-box-title\">Individuel strategiudvikling:  <\/h4><p class=\"elementor-image-box-description\">Sammen vil vi definere dine m\u00e5l og de bedste m\u00e5der at n\u00e5 dem p\u00e5.<\/p><\/div><\/div>\t\t\t\t<\/div>\n\t\t\t\t<\/div>\n\t\t\t\t<div class=\"elementor-element elementor-element-dec5e63 elementor-position-left elementor-vertical-align-top elementor-widget elementor-widget-image-box\" data-id=\"dec5e63\" data-element_type=\"widget\" data-widget_type=\"image-box.default\">\n\t\t\t\t<div class=\"elementor-widget-container\">\n\t\t\t\t\t<div class=\"elementor-image-box-wrapper\"><figure class=\"elementor-image-box-img\"><img decoding=\"async\" src=\"https:\/\/rufus-steinkrauss.com\/wp-content\/uploads\/2025\/06\/website-feedbacl-20.svg\" title=\"website feedbacl-20\" alt=\"website feedbacl-20\" loading=\"lazy\" \/><\/figure><div class=\"elementor-image-box-content\"><h4 class=\"elementor-image-box-title\">Autentisk positionering:  <\/h4><p class=\"elementor-image-box-description\">Du viser ikke kun, hvad du kan, men ogs\u00e5 hvem du er - og det er netop derfor, du bliver interessant.<\/p><\/div><\/div>\t\t\t\t<\/div>\n\t\t\t\t<\/div>\n\t\t\t\t<div class=\"elementor-element elementor-element-d142a3b elementor-position-left elementor-vertical-align-top elementor-widget elementor-widget-image-box\" data-id=\"d142a3b\" data-element_type=\"widget\" data-widget_type=\"image-box.default\">\n\t\t\t\t<div class=\"elementor-widget-container\">\n\t\t\t\t\t<div class=\"elementor-image-box-wrapper\"><figure class=\"elementor-image-box-img\"><img decoding=\"async\" src=\"https:\/\/rufus-steinkrauss.com\/wp-content\/uploads\/2025\/06\/website-feedbacl-19.svg\" title=\"website feedbacl-19\" alt=\"website feedbacl-19\" loading=\"lazy\" \/><\/figure><div class=\"elementor-image-box-content\"><h4 class=\"elementor-image-box-title\">Aktiv markedsf\u00f8ring:  <\/h4><p class=\"elementor-image-box-description\">Diskret og m\u00e5lrettet placering af din profil hos relevante beslutningstagere.<\/p><\/div><\/div>\t\t\t\t<\/div>\n\t\t\t\t<\/div>\n\t\t\t\t<\/div>\n\t\t<div class=\"elementor-element elementor-element-866dd3d e-con-full e-flex e-con e-child\" data-id=\"866dd3d\" data-element_type=\"container\">\n\t\t\t\t<div class=\"elementor-element elementor-element-e5fb21c elementor-widget elementor-widget-heading\" data-id=\"e5fb21c\" data-element_type=\"widget\" data-widget_type=\"heading.default\">\n\t\t\t\t<div class=\"elementor-widget-container\">\n\t\t\t\t\t<h4 class=\"elementor-heading-title elementor-size-default\">Jeg tilbyder dig det:<\/h4>\t\t\t\t<\/div>\n\t\t\t\t<\/div>\n\t\t\t\t<div class=\"elementor-element elementor-element-25ba14c elementor-position-left elementor-vertical-align-top elementor-widget elementor-widget-image-box\" data-id=\"25ba14c\" data-element_type=\"widget\" data-widget_type=\"image-box.default\">\n\t\t\t\t<div class=\"elementor-widget-container\">\n\t\t\t\t\t<div class=\"elementor-image-box-wrapper\"><figure class=\"elementor-image-box-img\"><img decoding=\"async\" src=\"https:\/\/rufus-steinkrauss.com\/wp-content\/uploads\/2025\/06\/website-feedbacl-22.svg\" title=\"website feedbacl-22\" alt=\"website feedbacl-22\" loading=\"lazy\" \/><\/figure><div class=\"elementor-image-box-content\"><h4 class=\"elementor-image-box-title\">\u00c5ben og \u00e6rlig feedback samt absolut diskretion og fortrolighed.<\/h4><\/div><\/div>\t\t\t\t<\/div>\n\t\t\t\t<\/div>\n\t\t\t\t<div class=\"elementor-element elementor-element-118e1c3 elementor-position-left elementor-vertical-align-top elementor-widget elementor-widget-image-box\" data-id=\"118e1c3\" data-element_type=\"widget\" data-widget_type=\"image-box.default\">\n\t\t\t\t<div class=\"elementor-widget-container\">\n\t\t\t\t\t<div class=\"elementor-image-box-wrapper\"><figure class=\"elementor-image-box-img\"><img decoding=\"async\" src=\"https:\/\/rufus-steinkrauss.com\/wp-content\/uploads\/2025\/06\/website-feedbacl-23.svg\" title=\"website feedbacl-23\" alt=\"website feedbacl-23\" loading=\"lazy\" \/><\/figure><div class=\"elementor-image-box-content\"><h4 class=\"elementor-image-box-title\">Et st\u00e6rkt professionelt og personligt netv\u00e6rk, opbygget gennem 25 \u00e5r som headhunter og personalekonsulent.<\/h4><\/div><\/div>\t\t\t\t<\/div>\n\t\t\t\t<\/div>\n\t\t\t\t<div class=\"elementor-element elementor-element-50ef7c1 elementor-position-left elementor-vertical-align-top elementor-widget elementor-widget-image-box\" data-id=\"50ef7c1\" data-element_type=\"widget\" data-widget_type=\"image-box.default\">\n\t\t\t\t<div class=\"elementor-widget-container\">\n\t\t\t\t\t<div class=\"elementor-image-box-wrapper\"><figure class=\"elementor-image-box-img\"><img decoding=\"async\" src=\"https:\/\/rufus-steinkrauss.com\/wp-content\/uploads\/2025\/06\/website-feedbacl-24.svg\" title=\"website feedbacl-24\" alt=\"website feedbacl-24\" loading=\"lazy\" \/><\/figure><div class=\"elementor-image-box-content\"><h4 class=\"elementor-image-box-title\">En metode, der har v\u00e6ret afpr\u00f8vet og testet i over to \u00e5rtier<\/h4><\/div><\/div>\t\t\t\t<\/div>\n\t\t\t\t<\/div>\n\t\t\t\t<\/div>\n\t\t\t\t<\/div>\n\t\t\t\t\t<\/div>\n\t\t\t\t<\/div>\n\t\t<div class=\"elementor-element elementor-element-0e29f00 e-flex e-con-boxed e-con e-parent\" data-id=\"0e29f00\" data-element_type=\"container\" data-settings=\"{&quot;background_background&quot;:&quot;classic&quot;}\">\n\t\t\t\t\t<div class=\"e-con-inner\">\n\t\t\t\t<div class=\"elementor-element elementor-element-47b1c96 elementor-widget elementor-widget-heading\" data-id=\"47b1c96\" data-element_type=\"widget\" data-widget_type=\"heading.default\">\n\t\t\t\t<div class=\"elementor-widget-container\">\n\t\t\t\t\t<h2 class=\"elementor-heading-title elementor-size-default\">Er du klar til at tage det n\u00e6ste skridt?<\/h2>\t\t\t\t<\/div>\n\t\t\t\t<\/div>\n\t\t<div class=\"elementor-element elementor-element-a4fd7c5 e-con-full e-flex e-con e-child\" data-id=\"a4fd7c5\" data-element_type=\"container\">\n\t\t<div class=\"elementor-element elementor-element-aa7f0a5 e-con-full e-flex e-con e-child\" data-id=\"aa7f0a5\" data-element_type=\"container\">\n\t\t\t\t<div class=\"elementor-element elementor-element-b7f8e86 elementor-widget elementor-widget-text-editor\" data-id=\"b7f8e86\" data-element_type=\"widget\" data-widget_type=\"text-editor.default\">\n\t\t\t\t<div class=\"elementor-widget-container\">\n\t\t\t\t\t\t\t\t\t<p>S\u00e5 lad os arbejde sammen om at finde dit dr\u00f8mmejob.<br \/>Den f\u00f8rste konsultation er uforpligtende og gratis.<\/p>\n<p>Jeg ser frem til at l\u00e6re dig at kende!<\/p>\n\t\t\t\t\t\t\t\t<\/div>\n\t\t\t\t<\/div>\n\t\t\t\t<\/div>\n\t\t\t\t<\/div>\n\t\t\t\t<div class=\"elementor-element elementor-element-48d22f0 elementor-align-center elementor-widget elementor-widget-button\" data-id=\"48d22f0\" data-element_type=\"widget\" data-settings=\"{&quot;_animation&quot;:&quot;none&quot;}\" data-widget_type=\"button.default\">\n\t\t\t\t<div class=\"elementor-widget-container\">\n\t\t\t\t\t\t\t\t\t<div class=\"elementor-button-wrapper\">\n\t\t\t\t\t<a class=\"elementor-button elementor-button-link elementor-size-sm\" href=\"https:\/\/rufus-steinkrauss.com\/da\/kontakt-os\/\">\n\t\t\t\t\t\t<span class=\"elementor-button-content-wrapper\">\n\t\t\t\t\t\t\t\t\t<span class=\"elementor-button-text\">Kom i kontakt med os nu<\/span>\n\t\t\t\t\t<\/span>\n\t\t\t\t\t<\/a>\n\t\t\t\t<\/div>\n\t\t\t\t\t\t\t\t<\/div>\n\t\t\t\t<\/div>\n\t\t\t\t\t<\/div>\n\t\t\t\t<\/div>\n\t\t\t\t<\/div>\n\t\t","protected":false},"excerpt":{"rendered":"<p>Inverse headhunting &#8211;Din karriereaccelerator Jeg har med succes placeret virksomheder og medarbejdere i 25 \u00e5r &#8211; og har udviklet en skarpsans for personligheder og potentiale i processen. Jeg forst\u00e5r markedsmekanismerne pr\u00e6cistog ved, hvordan man bruger dem til din fordel. Du bestemmer destinationen, Jeg \u00e5bner d\u00f8rene. Uanset om du planl\u00e6gger dit n\u00e6ste karrieretr\u00e6k, er p\u00e5 udkig [&hellip;]<\/p>\n","protected":false},"author":1,"featured_media":0,"parent":0,"menu_order":0,"comment_status":"closed","ping_status":"closed","template":"elementor_header_footer","meta":{"_acf_changed":false,"inline_featured_image":false,"iawp_total_views":24,"footnotes":""},"class_list":["post-2866","page","type-page","status-publish","hentry"],"acf":[],"_links":{"self":[{"href":"https:\/\/rufus-steinkrauss.com\/da\/wp-json\/wp\/v2\/pages\/2866","targetHints":{"allow":["GET"]}}],"collection":[{"href":"https:\/\/rufus-steinkrauss.com\/da\/wp-json\/wp\/v2\/pages"}],"about":[{"href":"https:\/\/rufus-steinkrauss.com\/da\/wp-json\/wp\/v2\/types\/page"}],"author":[{"embeddable":true,"href":"https:\/\/rufus-steinkrauss.com\/da\/wp-json\/wp\/v2\/users\/1"}],"replies":[{"embeddable":true,"href":"https:\/\/rufus-steinkrauss.com\/da\/wp-json\/wp\/v2\/comments?post=2866"}],"version-history":[{"count":4,"href":"https:\/\/rufus-steinkrauss.com\/da\/wp-json\/wp\/v2\/pages\/2866\/revisions"}],"predecessor-version":[{"id":4717,"href":"https:\/\/rufus-steinkrauss.com\/da\/wp-json\/wp\/v2\/pages\/2866\/revisions\/4717"}],"wp:attachment":[{"href":"https:\/\/rufus-steinkrauss.com\/da\/wp-json\/wp\/v2\/media?parent=2866"}],"curies":[{"name":"wp","href":"https:\/\/api.w.org\/{rel}","templated":true}]}}