{"id":2811,"date":"2025-02-15T12:30:58","date_gmt":"2025-02-15T11:30:58","guid":{"rendered":"https:\/\/rufus-steinkrauss.com\/hvorfor-os\/"},"modified":"2025-07-08T19:57:36","modified_gmt":"2025-07-08T17:57:36","slug":"hvorfor-os","status":"publish","type":"page","link":"https:\/\/rufus-steinkrauss.com\/da\/hvorfor-os\/","title":{"rendered":"Hvorfor os?"},"content":{"rendered":"\t\t<div data-elementor-type=\"wp-page\" data-elementor-id=\"2811\" class=\"elementor elementor-2811 elementor-305\" data-elementor-post-type=\"page\">\n\t\t\t\t<div class=\"elementor-element elementor-element-bff31f7 e-flex e-con-boxed e-con e-parent\" data-id=\"bff31f7\" data-element_type=\"container\" data-settings=\"{&quot;background_background&quot;:&quot;classic&quot;}\">\n\t\t\t\t\t<div class=\"e-con-inner\">\n\t\t\t\t<div class=\"elementor-element elementor-element-1782587 elementor-widget elementor-widget-heading\" data-id=\"1782587\" data-element_type=\"widget\" data-widget_type=\"heading.default\">\n\t\t\t\t<div class=\"elementor-widget-container\">\n\t\t\t\t\t<h1 class=\"elementor-heading-title elementor-size-default\">Hvorfor os?<\/h1>\t\t\t\t<\/div>\n\t\t\t\t<\/div>\n\t\t\t\t<div class=\"elementor-element elementor-element-1a5b610 elementor-widget elementor-widget-text-editor\" data-id=\"1a5b610\" data-element_type=\"widget\" data-widget_type=\"text-editor.default\">\n\t\t\t\t<div class=\"elementor-widget-container\">\n\t\t\t\t\t\t\t\t\t<p>I l\u00f8bet af mine mange \u00e5rs erhvervs- og livserfaring har jeg udviklet en s\u00e6rlig evne til at filtrere lige pr\u00e6cis den personlighed fra, som ikke kun har de faglige evner, men ogs\u00e5 har en overbevisende karakter.<\/p>\n\t\t\t\t\t\t\t\t<\/div>\n\t\t\t\t<\/div>\n\t\t\t\t<div class=\"elementor-element elementor-element-3b1b8d2 elementor-widget elementor-widget-text-editor\" data-id=\"3b1b8d2\" data-element_type=\"widget\" data-widget_type=\"text-editor.default\">\n\t\t\t\t<div class=\"elementor-widget-container\">\n\t\t\t\t\t\t\t\t\t<p>I mere end to \u00e5rtier som rekrutteringskonsulent er det sket igen og igen, at to kandidater fra min udv\u00e6lgelse f\u00e5r et kontrakttilbud &#8211; et tegn p\u00e5, hvor m\u00e5lrettet vores s\u00f8gning er.<\/p>\n\t\t\t\t\t\t\t\t<\/div>\n\t\t\t\t<\/div>\n\t\t\t\t<div class=\"elementor-element elementor-element-a42d7f8 elementor-widget elementor-widget-text-editor\" data-id=\"a42d7f8\" data-element_type=\"widget\" data-widget_type=\"text-editor.default\">\n\t\t\t\t<div class=\"elementor-widget-container\">\n\t\t\t\t\t\t\t\t\t<p>Det opn\u00e5r jeg gennem en blanding af intuition, mavefornemmelse og \u00e5rtiers erfaring &#8211; parret med en dyb forst\u00e5else af mennesker og virksomhedskulturer.<\/p>\n\t\t\t\t\t\t\t\t<\/div>\n\t\t\t\t<\/div>\n\t\t\t\t\t<\/div>\n\t\t\t\t<\/div>\n\t\t<div class=\"elementor-element elementor-element-f777178 e-flex e-con-boxed e-con e-parent\" data-id=\"f777178\" data-element_type=\"container\">\n\t\t\t\t\t<div class=\"e-con-inner\">\n\t\t<div class=\"elementor-element elementor-element-5cd6ec8 e-con-full zitatbox e-flex e-con e-child\" data-id=\"5cd6ec8\" data-element_type=\"container\">\n\t\t\t\t<div class=\"elementor-element elementor-element-b4fccd3 elementor-invisible elementor-widget elementor-widget-heading\" data-id=\"b4fccd3\" data-element_type=\"widget\" data-settings=\"{&quot;_animation&quot;:&quot;fadeInRight&quot;}\" data-widget_type=\"heading.default\">\n\t\t\t\t<div class=\"elementor-widget-container\">\n\t\t\t\t\t<h3 class=\"elementor-heading-title elementor-size-default\">\u00bbJeg anbefaler Steinkrauss uden forbehold - som en fremragende headhunter med en enest\u00e5ende fornemmelse for mennesker og professionelle sammenh\u00e6nge.\u00ab<\/h3>\t\t\t\t<\/div>\n\t\t\t\t<\/div>\n\t\t\t\t<div class=\"elementor-element elementor-element-16d12ff animated-slow elementor-invisible elementor-widget elementor-widget-text-editor\" data-id=\"16d12ff\" data-element_type=\"widget\" data-settings=\"{&quot;_animation&quot;:&quot;fadeIn&quot;,&quot;_animation_delay&quot;:800}\" data-widget_type=\"text-editor.default\">\n\t\t\t\t<div class=\"elementor-widget-container\">\n\t\t\t\t\t\t\t\t\t<p><b>Dr. Artur Redeker<\/b>, Rockwell Collins Deutschland GmbH<\/p>\n\t\t\t\t\t\t\t\t<\/div>\n\t\t\t\t<\/div>\n\t\t\t\t<\/div>\n\t\t\t\t\t<\/div>\n\t\t\t\t<\/div>\n\t\t<div class=\"elementor-element elementor-element-b6aa110 e-flex e-con-boxed e-con e-parent\" data-id=\"b6aa110\" data-element_type=\"container\" data-settings=\"{&quot;background_background&quot;:&quot;classic&quot;}\">\n\t\t\t\t\t<div class=\"e-con-inner\">\n\t\t<div class=\"elementor-element elementor-element-0f09130 e-con-full e-flex e-con e-child\" data-id=\"0f09130\" data-element_type=\"container\">\n\t\t\t\t<div class=\"elementor-element elementor-element-a8b8543 elementor-widget elementor-widget-heading\" data-id=\"a8b8543\" data-element_type=\"widget\" data-widget_type=\"heading.default\">\n\t\t\t\t<div class=\"elementor-widget-container\">\n\t\t\t\t\t<h2 class=\"elementor-heading-title elementor-size-default\">Mit hjerte banker for SMV'er<\/h2>\t\t\t\t<\/div>\n\t\t\t\t<\/div>\n\t\t\t\t<div class=\"elementor-element elementor-element-aa1b4f5 elementor-widget elementor-widget-text-editor\" data-id=\"aa1b4f5\" data-element_type=\"widget\" data-widget_type=\"text-editor.default\">\n\t\t\t\t<div class=\"elementor-widget-container\">\n\t\t\t\t\t\t\t\t\t<p>Som hanseat og advokat har mit liv l\u00e6rt mig, at \u00e6rlighed, p\u00e5lidelighed og loyalitet ikke kun er v\u00e6rdier, men ogs\u00e5 et solidt fundament for mit arbejde.<\/p>\n<p>For mig er det at lytte kunsten at opfatte mennesker, genkende nuancer og l\u00e6se mellem linjerne. At udvikle en fornemmelse for min modpart og deres situation, at genkende hvem og hvad der virkelig er brug for &#8211; det har jeg konstant forfinet og perfektioneret gennem \u00e5rene. <\/p>\n<p>Jeg ved, hvordan man inspirerer kandidater og kunder &#8211; og det er pr\u00e6cis det, der fylder mig med passion.<\/p>\n<p>For det bedste job i verden.<\/p>\n\t\t\t\t\t\t\t\t<\/div>\n\t\t\t\t<\/div>\n\t\t\t\t<\/div>\n\t\t<div class=\"elementor-element elementor-element-f09161c e-con-full e-flex e-con e-child\" data-id=\"f09161c\" data-element_type=\"container\" data-settings=\"{&quot;background_background&quot;:&quot;classic&quot;}\">\n\t\t<div class=\"elementor-element elementor-element-a955409 e-con-full e-flex e-con e-child\" data-id=\"a955409\" data-element_type=\"container\" data-settings=\"{&quot;background_background&quot;:&quot;classic&quot;}\">\n\t\t\t\t<\/div>\n\t\t\t\t<\/div>\n\t\t\t\t\t<\/div>\n\t\t\t\t<\/div>\n\t\t<div class=\"elementor-element elementor-element-55ae70b e-flex e-con-boxed e-con e-parent\" data-id=\"55ae70b\" data-element_type=\"container\">\n\t\t\t\t\t<div class=\"e-con-inner\">\n\t\t\t\t<div class=\"elementor-element elementor-element-b1763ad elementor-widget elementor-widget-heading\" data-id=\"b1763ad\" data-element_type=\"widget\" data-widget_type=\"heading.default\">\n\t\t\t\t<div class=\"elementor-widget-container\">\n\t\t\t\t\t<h2 class=\"elementor-heading-title elementor-size-default\">Mit liv<\/h2>\t\t\t\t<\/div>\n\t\t\t\t<\/div>\n\t\t\t\t<div class=\"elementor-element elementor-element-313fcba elementor-widget elementor-widget-text-editor\" data-id=\"313fcba\" data-element_type=\"widget\" data-widget_type=\"text-editor.default\">\n\t\t\t\t<div class=\"elementor-widget-container\">\n\t\t\t\t\t\t\t\t\t<p>Jeg har arbejdet sammen med mine kunder om at organisere deres virksomheder siden 1999.<\/p>\n<p>Hele mit liv har jeg v\u00e6ret interesseret i mennesker og deres historier. Jeg har stillet sp\u00f8rgsm\u00e5l &#8211; til de mennesker, jeg har m\u00f8dt, og til mig selv. Gang p\u00e5 gang har jeg sat sp\u00f8rgsm\u00e5lstegn ved mig selv, udforsket nye veje og taget imod udfordringer.  <\/p>\n<p>Dengang som nu var jeg drevet af nysgerrighed. Jeg ville vide, hvordan det var &#8230; <\/p>\n\t\t\t\t\t\t\t\t<\/div>\n\t\t\t\t<\/div>\n\t\t\t\t<div class=\"elementor-element elementor-element-a06236b elementor-widget elementor-widget-html\" data-id=\"a06236b\" data-element_type=\"widget\" data-widget_type=\"html.default\">\n\t\t\t\t<div class=\"elementor-widget-container\">\n\t\t\t\t\t<div class=\"timeline\">\r\n    <div class=\"timeline-item yyy\">\r\n        <div class=\"timeline-title\">... som elev<\/div><br>        <div class=\"timeline-marker\"><\/div><br>        <div class=\"timeline-description\">Han arbejdede ved samleb\u00e5ndet hos en mellemstor bilproducent - og oplevede, hvordan skifteholdsarbejde og minut for minut-cyklusser p\u00e5virkede psyken og arbejdsmoralen.<\/div><br>    <\/div><br>    <div class=\"timeline-item xxx\">\r\n        <div class=\"timeline-title\">at arbejde p\u00e5 nattevagter i \u00e5revis - og som hobbyterapeut fordybede han sig i mange lidelseshistorier.<\/div><br>        <div class=\"timeline-marker\"><\/div><br>        <div class=\"timeline-description\">... som taxachauff\u00f8r<\/div><br>    <\/div><br>    <div class=\"timeline-item yyy\">\r\n        <div class=\"timeline-title\">... som ung b\u00e5debyggerl\u00e6rling<\/div><br>        <div class=\"timeline-marker\"><\/div><br>        <div class=\"timeline-description\">at arbejde praktisk med mine h\u00e6nder - for at indse, at det ikke er noget for mig p\u00e5 lang sigt.<\/div><br>    <\/div><br>    <div class=\"timeline-item xxx\">\r\n        <div class=\"timeline-title\">at v\u00e6re \"forlover\" for en nystartet medievirksomhed i Hamborg, herunder chauff\u00f8r for David Hasselhoff (ja, ham fra \"Looking for Freedom\"...).<\/div><br>        <div class=\"timeline-marker\"><\/div><br>        <div class=\"timeline-description\">... som jurastuderende<\/div><br>    <\/div><br>    <div class=\"timeline-item yyy\">\r\n        <div class=\"timeline-title\">... ud over den akademiske uddannelse<\/div><br>        <div class=\"timeline-marker\"><\/div><br>        <div class=\"timeline-description\">for at \u00e5bne et parfumeri i Hamborgs centrum - og for at forst\u00e5 handelen med luksusvarer.<\/div><br>    <\/div><br>    <div class=\"timeline-item xxx\">\r\n        <div class=\"timeline-title\">i Sydafrika, Johannesburg, for at l\u00e6re en ny kultur at kende, dens mangfoldighed, men ogs\u00e5 dens uretf\u00e6rdighed.<\/div><br>        <div class=\"timeline-marker\"><\/div><br>        <div class=\"timeline-description\">... som au pair-dreng<\/div><br>    <\/div><br>    <div class=\"timeline-item yyy\">\r\n        <div class=\"timeline-title\">... som ung advokat<\/div><br>        <div class=\"timeline-marker\"><\/div><br>        <div class=\"timeline-description\">Jeg var ansvarlig for et team p\u00e5 20 medarbejdere p\u00e5 Treuhandanstalt i \u00d8stberlin og arbejdede med dette team for at anerkende og eliminere milj\u00f8forurening p\u00e5 landjorden i de nye delstater.<\/div><br>    <\/div><br>    <div class=\"timeline-item xxx\">\r\n        <div class=\"timeline-title\">i et industriforsikringsselskab for at opleve, hvilke skader eksploderende colaflasker kan for\u00e5rsage - og hvor kompleks og kr\u00e6vende afviklingen af ICE-ulykken i Eschede var.<\/div><br>        <div class=\"timeline-marker\"><\/div><br>        <div class=\"timeline-description\">... som advokat<\/div><br>    <\/div><br>    <div class=\"timeline-item yyy\">\r\n        <div class=\"timeline-title\">... efter \u00e6gteskabet<\/div><br>        <div class=\"timeline-marker\"><\/div><br>        <div class=\"timeline-description\">og f\u00f8dslen af vores s\u00f8n, at emigrere med familien til Rom for at etablere en finansiel servicevirksomhed der med 12 ansatte for Mercedes Benz Finanziaria - og s\u00e5 at blive truet af mafiaen efter 2,5 \u00e5r (det var ikke sjovt) og hurtigt vende tilbage til Tyskland.<\/div><br>    <\/div><br>    <div class=\"end-marker\"><\/div><br><\/div><br>\t\t\t\t<\/div>\n\t\t\t\t<\/div>\n\t\t\t\t\t<\/div>\n\t\t\t\t<\/div>\n\t\t<div class=\"elementor-element elementor-element-9747a96 e-flex e-con-boxed e-con e-parent\" data-id=\"9747a96\" data-element_type=\"container\" data-settings=\"{&quot;background_background&quot;:&quot;classic&quot;}\">\n\t\t\t\t\t<div class=\"e-con-inner\">\n\t\t<div class=\"elementor-element elementor-element-4ae1cb2 e-con-full e-flex e-con e-child\" data-id=\"4ae1cb2\" data-element_type=\"container\">\n\t\t<div class=\"elementor-element elementor-element-dae17ce e-con-full e-flex elementor-invisible e-con e-child\" data-id=\"dae17ce\" data-element_type=\"container\" data-settings=\"{&quot;animation&quot;:&quot;fadeIn&quot;,&quot;animation_delay&quot;:200}\">\n\t\t\t\t<div class=\"elementor-element elementor-element-989da51 elementor-widget elementor-widget-image\" data-id=\"989da51\" data-element_type=\"widget\" data-widget_type=\"image.default\">\n\t\t\t\t<div class=\"elementor-widget-container\">\n\t\t\t\t\t\t\t\t\t\t\t\t\t\t\t<img fetchpriority=\"high\" decoding=\"async\" width=\"301\" height=\"220\" src=\"https:\/\/rufus-steinkrauss.com\/wp-content\/uploads\/2025\/04\/warum-wir-01.png\" class=\"attachment-full size-full wp-image-3040\" alt=\"\" \/>\t\t\t\t\t\t\t\t\t\t\t\t\t\t\t<\/div>\n\t\t\t\t<\/div>\n\t\t\t\t<div class=\"elementor-element elementor-element-a68bd71 elementor-widget elementor-widget-text-editor\" data-id=\"a68bd71\" data-element_type=\"widget\" data-widget_type=\"text-editor.default\">\n\t\t\t\t<div class=\"elementor-widget-container\">\n\t\t\t\t\t\t\t\t\t<p>Efter disse forskellige erfaringer fandt jeg mit kald som headhunter.<\/p>\n\t\t\t\t\t\t\t\t<\/div>\n\t\t\t\t<\/div>\n\t\t\t\t<\/div>\n\t\t<div class=\"elementor-element elementor-element-5e44ce7 e-con-full e-flex elementor-invisible e-con e-child\" data-id=\"5e44ce7\" data-element_type=\"container\" data-settings=\"{&quot;animation&quot;:&quot;fadeIn&quot;,&quot;animation_delay&quot;:450}\">\n\t\t\t\t<div class=\"elementor-element elementor-element-81e9aa6 elementor-widget elementor-widget-image\" data-id=\"81e9aa6\" data-element_type=\"widget\" data-widget_type=\"image.default\">\n\t\t\t\t<div class=\"elementor-widget-container\">\n\t\t\t\t\t\t\t\t\t\t\t\t\t\t\t<img decoding=\"async\" width=\"301\" height=\"220\" src=\"https:\/\/rufus-steinkrauss.com\/wp-content\/uploads\/2025\/04\/warum-wir-02.png\" class=\"attachment-full size-full wp-image-3043\" alt=\"\" \/>\t\t\t\t\t\t\t\t\t\t\t\t\t\t\t<\/div>\n\t\t\t\t<\/div>\n\t\t\t\t<div class=\"elementor-element elementor-element-dbba3cb elementor-widget elementor-widget-text-editor\" data-id=\"dbba3cb\" data-element_type=\"widget\" data-widget_type=\"text-editor.default\">\n\t\t\t\t<div class=\"elementor-widget-container\">\n\t\t\t\t\t\t\t\t\t<p>I dag st\u00f8ttes mit arbejde af et team p\u00e5 fire eksperter under ledelse af min kone.<\/p>\n\t\t\t\t\t\t\t\t<\/div>\n\t\t\t\t<\/div>\n\t\t\t\t<\/div>\n\t\t<div class=\"elementor-element elementor-element-a921de2 e-con-full e-flex elementor-invisible e-con e-child\" data-id=\"a921de2\" data-element_type=\"container\" data-settings=\"{&quot;animation&quot;:&quot;fadeIn&quot;,&quot;animation_delay&quot;:700}\">\n\t\t\t\t<div class=\"elementor-element elementor-element-52d4184 elementor-widget elementor-widget-image\" data-id=\"52d4184\" data-element_type=\"widget\" data-widget_type=\"image.default\">\n\t\t\t\t<div class=\"elementor-widget-container\">\n\t\t\t\t\t\t\t\t\t\t\t\t\t\t\t<img decoding=\"async\" width=\"301\" height=\"220\" src=\"https:\/\/rufus-steinkrauss.com\/wp-content\/uploads\/2025\/04\/warum-wir-03.png\" class=\"attachment-full size-full wp-image-3046\" alt=\"\" \/>\t\t\t\t\t\t\t\t\t\t\t\t\t\t\t<\/div>\n\t\t\t\t<\/div>\n\t\t\t\t<div class=\"elementor-element elementor-element-517a0da elementor-widget elementor-widget-text-editor\" data-id=\"517a0da\" data-element_type=\"widget\" data-widget_type=\"text-editor.default\">\n\t\t\t\t<div class=\"elementor-widget-container\">\n\t\t\t\t\t\t\t\t\t<p>Vores erfarne team kan nu med stolthed se tilbage p\u00e5 mere end 20 \u00e5rs samarbejde.<\/p>\n\t\t\t\t\t\t\t\t<\/div>\n\t\t\t\t<\/div>\n\t\t\t\t<\/div>\n\t\t\t\t<\/div>\n\t\t\t\t\t<\/div>\n\t\t\t\t<\/div>\n\t\t<div class=\"elementor-element elementor-element-9990596 e-flex e-con-boxed e-con e-parent\" data-id=\"9990596\" data-element_type=\"container\" data-settings=\"{&quot;background_background&quot;:&quot;classic&quot;}\">\n\t\t\t\t\t<div class=\"e-con-inner\">\n\t\t\t\t<div class=\"elementor-element elementor-element-a7cf0b1 elementor-widget elementor-widget-heading\" data-id=\"a7cf0b1\" data-element_type=\"widget\" data-widget_type=\"heading.default\">\n\t\t\t\t<div class=\"elementor-widget-container\">\n\t\t\t\t\t<h2 class=\"elementor-heading-title elementor-size-default\">Gr\u00e6nseoverskridende rekruttering<\/h2>\t\t\t\t<\/div>\n\t\t\t\t<\/div>\n\t\t\t\t<div class=\"elementor-element elementor-element-8fc09f2 elementor-widget elementor-widget-text-editor\" data-id=\"8fc09f2\" data-element_type=\"widget\" data-widget_type=\"text-editor.default\">\n\t\t\t\t<div class=\"elementor-widget-container\">\n\t\t\t\t\t\t\t\t\t<p data-start=\"196\" data-end=\"472\">Vi har i mange \u00e5r med stor succes hjulpet virksomheder over hele Tyskland fra vores kontorer i Hamborg og Bayern. Med tiden har vi udvidet vores ydelser til ogs\u00e5 at d\u00e6kke internationale markeder. I dag arbejder vi for kunder i bl.a. Schweiz, Benelux-landene og Storbritannien.<\/p>\n<p><\/p>\n<p data-start=\"474\" data-end=\"640\">Men s\u00e6rligt hjertet banker for Danmark. Det skyldes ikke kun, at landet er \u00f8konomisk attraktivt \u2013 men f\u00f8rst og fremmest, at en stor del af mit privatliv har v\u00e6ret centreret i Danmark i et par \u00e5r nu.<\/p>\n<p><\/p>\n<p data-start=\"642\" data-end=\"879\">Den t\u00e6tte og personlige forbindelse til Danmark giver mig en dyb forst\u00e5else for dansk arbejds- og livskultur. Jeg kender mentaliteten, v\u00e6rdierne og m\u00e5den at arbejde p\u00e5 \u2013 ikke bare fra b\u00f8ger eller forretningsrejser, men fra egen erfaring.<\/p>\n\t\t\t\t\t\t\t\t<\/div>\n\t\t\t\t<\/div>\n\t\t\t\t<div class=\"elementor-element elementor-element-8326755 elementor-widget elementor-widget-text-editor\" data-id=\"8326755\" data-element_type=\"widget\" data-widget_type=\"text-editor.default\">\n\t\t\t\t<div class=\"elementor-widget-container\">\n\t\t\t\t\t\t\t\t\t<p>Din fordel<\/p>\n\t\t\t\t\t\t\t\t<\/div>\n\t\t\t\t<\/div>\n\t\t\t\t<div class=\"elementor-element elementor-element-b14aa2a elementor-widget elementor-widget-text-editor\" data-id=\"b14aa2a\" data-element_type=\"widget\" data-widget_type=\"text-editor.default\">\n\t\t\t\t<div class=\"elementor-widget-container\">\n\t\t\t\t\t\t\t\t\t<p data-start=\"897\" data-end=\"1133\">Uanset om du som dansk virksomhed leder efter tyske specialister og ledere \u2013 eller om du som tysk virksomhed \u00f8nsker at tr\u00e6de ind p\u00e5 det danske marked \u2013 s\u00e5 f\u00e5r du en unik fordel: Jeg taler ikke bare begge sprog. Jeg lever begge kulturer.<\/p>\n\t\t\t\t\t\t\t\t<\/div>\n\t\t\t\t<\/div>\n\t\t\t\t\t<\/div>\n\t\t\t\t<\/div>\n\t\t<div class=\"elementor-element elementor-element-93f5469 e-flex e-con-boxed e-con e-parent\" data-id=\"93f5469\" data-element_type=\"container\" data-settings=\"{&quot;background_background&quot;:&quot;classic&quot;}\">\n\t\t\t\t\t<div class=\"e-con-inner\">\n\t\t\t\t<div class=\"elementor-element elementor-element-b10f00d elementor-widget elementor-widget-heading\" data-id=\"b10f00d\" data-element_type=\"widget\" data-widget_type=\"heading.default\">\n\t\t\t\t<div class=\"elementor-widget-container\">\n\t\t\t\t\t<h2 class=\"elementor-heading-title elementor-size-default\">siden 1999<\/h2>\t\t\t\t<\/div>\n\t\t\t\t<\/div>\n\t\t\t\t<div class=\"elementor-element elementor-element-880371c elementor-widget elementor-widget-heading\" data-id=\"880371c\" data-element_type=\"widget\" data-widget_type=\"heading.default\">\n\t\t\t\t<div class=\"elementor-widget-container\">\n\t\t\t\t\t<h2 class=\"elementor-heading-title elementor-size-default\">Headhunter med en passion for mennesker<\/h2>\t\t\t\t<\/div>\n\t\t\t\t<\/div>\n\t\t<div class=\"elementor-element elementor-element-b2aa012 e-con-full e-flex e-con e-child\" data-id=\"b2aa012\" data-element_type=\"container\">\n\t\t\t\t<div class=\"elementor-element elementor-element-7262959 elementor-widget-laptop__width-initial elementor-widget-mobile__width-inherit elementor-widget elementor-widget-counter\" data-id=\"7262959\" data-element_type=\"widget\" data-widget_type=\"counter.default\">\n\t\t\t\t<div class=\"elementor-widget-container\">\n\t\t\t\t\t\t\t<div class=\"elementor-counter\">\n\t\t\t<div class=\"elementor-counter-title\">Mange \u00e5rs teamerfaring<\/div>\t\t\t<div class=\"elementor-counter-number-wrapper\">\n\t\t\t\t<span class=\"elementor-counter-number-prefix\"><\/span>\n\t\t\t\t<span class=\"elementor-counter-number\" data-duration=\"1000\" data-to-value=\"95\" data-from-value=\"0\">0<\/span>\n\t\t\t\t<span class=\"elementor-counter-number-suffix\">+<\/span>\n\t\t\t<\/div>\n\t\t<\/div>\n\t\t\t\t\t\t<\/div>\n\t\t\t\t<\/div>\n\t\t\t\t<div class=\"elementor-element elementor-element-10a8721 elementor-widget-laptop__width-initial elementor-widget-mobile__width-inherit elementor-widget elementor-widget-counter\" data-id=\"10a8721\" data-element_type=\"widget\" data-widget_type=\"counter.default\">\n\t\t\t\t<div class=\"elementor-widget-container\">\n\t\t\t\t\t\t\t<div class=\"elementor-counter\">\n\t\t\t<div class=\"elementor-counter-title\">Positioner besat<\/div>\t\t\t<div class=\"elementor-counter-number-wrapper\">\n\t\t\t\t<span class=\"elementor-counter-number-prefix\"><\/span>\n\t\t\t\t<span class=\"elementor-counter-number\" data-duration=\"1000\" data-to-value=\"1150\" data-from-value=\"0\">0<\/span>\n\t\t\t\t<span class=\"elementor-counter-number-suffix\">+<\/span>\n\t\t\t<\/div>\n\t\t<\/div>\n\t\t\t\t\t\t<\/div>\n\t\t\t\t<\/div>\n\t\t\t\t<div class=\"elementor-element elementor-element-68a43f1 elementor-widget-mobile__width-inherit elementor-widget elementor-widget-counter\" data-id=\"68a43f1\" data-element_type=\"widget\" data-widget_type=\"counter.default\">\n\t\t\t\t<div class=\"elementor-widget-container\">\n\t\t\t\t\t\t\t<div class=\"elementor-counter\">\n\t\t\t<div class=\"elementor-counter-title\">Tidspunkter for interview<\/div>\t\t\t<div class=\"elementor-counter-number-wrapper\">\n\t\t\t\t<span class=\"elementor-counter-number-prefix\"><\/span>\n\t\t\t\t<span class=\"elementor-counter-number\" data-duration=\"1000\" data-to-value=\"13500\" data-from-value=\"0\">0<\/span>\n\t\t\t\t<span class=\"elementor-counter-number-suffix\">+<\/span>\n\t\t\t<\/div>\n\t\t<\/div>\n\t\t\t\t\t\t<\/div>\n\t\t\t\t<\/div>\n\t\t\t\t<div class=\"elementor-element elementor-element-2d40791 elementor-widget-laptop__width-initial elementor-widget-mobile__width-inherit elementor-widget elementor-widget-counter\" data-id=\"2d40791\" data-element_type=\"widget\" data-widget_type=\"counter.default\">\n\t\t\t\t<div class=\"elementor-widget-container\">\n\t\t\t\t\t\t\t<div class=\"elementor-counter\">\n\t\t\t<div class=\"elementor-counter-title\">Tilfredse kunder<\/div>\t\t\t<div class=\"elementor-counter-number-wrapper\">\n\t\t\t\t<span class=\"elementor-counter-number-prefix\"><\/span>\n\t\t\t\t<span class=\"elementor-counter-number\" data-duration=\"1000\" data-to-value=\"150\" data-from-value=\"0\">0<\/span>\n\t\t\t\t<span class=\"elementor-counter-number-suffix\">+<\/span>\n\t\t\t<\/div>\n\t\t<\/div>\n\t\t\t\t\t\t<\/div>\n\t\t\t\t<\/div>\n\t\t\t\t<\/div>\n\t\t\t\t\t<\/div>\n\t\t\t\t<\/div>\n\t\t\t\t<\/div>\n\t\t","protected":false},"excerpt":{"rendered":"<p>I l\u00f8bet af mine mange \u00e5rs erhvervs- og livserfaring har jeg udviklet en s\u00e6rlig evne til at filtrere lige pr\u00e6cis den personlighed fra, som ikke kun har de faglige evner, men ogs\u00e5 har en overbevisende karakter. I mere end to \u00e5rtier som rekrutteringskonsulent er det sket igen og igen, at to kandidater fra min udv\u00e6lgelse [&hellip;]<\/p>\n","protected":false},"author":1,"featured_media":0,"parent":0,"menu_order":0,"comment_status":"closed","ping_status":"closed","template":"elementor_header_footer","meta":{"_acf_changed":false,"inline_featured_image":false,"iawp_total_views":49,"footnotes":""},"class_list":["post-2811","page","type-page","status-publish","hentry"],"acf":[],"_links":{"self":[{"href":"https:\/\/rufus-steinkrauss.com\/da\/wp-json\/wp\/v2\/pages\/2811","targetHints":{"allow":["GET"]}}],"collection":[{"href":"https:\/\/rufus-steinkrauss.com\/da\/wp-json\/wp\/v2\/pages"}],"about":[{"href":"https:\/\/rufus-steinkrauss.com\/da\/wp-json\/wp\/v2\/types\/page"}],"author":[{"embeddable":true,"href":"https:\/\/rufus-steinkrauss.com\/da\/wp-json\/wp\/v2\/users\/1"}],"replies":[{"embeddable":true,"href":"https:\/\/rufus-steinkrauss.com\/da\/wp-json\/wp\/v2\/comments?post=2811"}],"version-history":[{"count":7,"href":"https:\/\/rufus-steinkrauss.com\/da\/wp-json\/wp\/v2\/pages\/2811\/revisions"}],"predecessor-version":[{"id":4759,"href":"https:\/\/rufus-steinkrauss.com\/da\/wp-json\/wp\/v2\/pages\/2811\/revisions\/4759"}],"wp:attachment":[{"href":"https:\/\/rufus-steinkrauss.com\/da\/wp-json\/wp\/v2\/media?parent=2811"}],"curies":[{"name":"wp","href":"https:\/\/api.w.org\/{rel}","templated":true}]}}